{"id":497,"date":"2025-03-18T22:19:12","date_gmt":"2025-03-18T22:19:12","guid":{"rendered":"https:\/\/digitextus.pt\/?page_id=497"},"modified":"2025-04-11T14:20:08","modified_gmt":"2025-04-11T14:20:08","slug":"servicos","status":"publish","type":"page","link":"https:\/\/digitextus.pt\/en\/servicos\/","title":{"rendered":"Services"},"content":{"rendered":"<div class=\"wpb-content-wrapper\"><div class=\"vc_row wpb_row top-row z-index-1 position-relative vc_custom_1698853665586 porto-inner-container wpb_custom_034b39d9bc6c6b310d69e39f0ccf274f\"><div class=\"porto-wrap-container container\"><div class=\"row\"><div class=\"px-lg-5 vc_column_container col-md-12 vc_custom_1698859122260\"><div class=\"wpb_wrapper vc_column-inner\"><div class=\"porto-ultimate-content-box-container px-lg-3\"><div class=\"porto-ultimate-content-box porto_ucb_e35a9346cd70594d63c013acc42ebe9d\" style=\"\"><p style=\"font-size: 1.35em;color: #121212;line-height: 1.7;letter-spacing:0\" class=\"vc_custom_heading vc_do_custom_heading pb-1 mb-4 mb-lg-2 mb-xl-4 wpb_custom_aa365bd5046e8294520b4e73732b9d15 align-left\" >Solu\u00e7\u00f5es Digitais \u00e0 Medida do Seu Neg\u00f3cio<br \/>\nNa Digitextus, transformamos ideias em experi\u00eancias digitais inovadoras. Desde o desenvolvimento de websites \u00e0 cria\u00e7\u00e3o de estrat\u00e9gias de marketing digital, oferecemos solu\u00e7\u00f5es personalizadas para impulsionar a sua marca no mundo online.\n<p>Explore os nossos servi\u00e7os e descubra como podemos ajud\u00e1-lo a alcan\u00e7ar os seus objetivos com criatividade, tecnologia e inova\u00e7\u00e3o<\/p><\/p><\/div><\/div><div class=\"vc_row wpb_row vc_inner row px-lg-3\"><div class=\"pt-4 vc_column_container col-md-12\"><div class=\"wpb_wrapper vc_column-inner\"><\/div><\/div><\/div><\/div><\/div><\/div><\/div><\/div><div class=\"vc_row wpb_row row top-row py-1 wpb_custom_034b39d9bc6c6b310d69e39f0ccf274f\"><div class=\"vc_column_container col-md-12\"><div class=\"wpb_wrapper vc_column-inner\"><h2 style=\"font-size: 2em;color: #121212;line-height: 24px;text-align: center;font-weight:600;letter-spacing:-0.05em\" class=\"vc_custom_heading vc_do_custom_heading mb-4 wpb_custom_aa365bd5046e8294520b4e73732b9d15\" >Quem Confia em N\u00f3s<\/h2><\/div><\/div><\/div><div class=\"vc_row wpb_row row top-row position-relative overflow-hidden wpb_custom_034b39d9bc6c6b310d69e39f0ccf274f\"><div class=\"vc_column_container col-md-12\"><div class=\"wpb_wrapper vc_column-inner\"><div class=\"porto-ultimate-content-box-container pt-4 custom-marquee-1\"><div class=\"porto-ultimate-content-box has-content-pos justify-content-center porto_ucb_e35a9346cd70594d63c013acc42ebe9d\" style=\"\">\r\n\t<div class=\"wpb_single_image wpb_content_element vc_align_left wpb_content_element   px-5 py-1 mb-0 max-w-90 d-flex align-items-center wpb_custom_81a4f7ef9830bf958462581aa01150fb\"><div class=\"wpb_wrapper\">\r\n\t\t\t\r\n\t\t\t<div class=\"vc_single_image-wrapper   vc_box_border_grey\"><img decoding=\"async\" width=\"400\" height=\"150\" src=\"https:\/\/digitextus.pt\/wp-content\/uploads\/2025\/03\/IMG_CruzMarques.png\" class=\"vc_single_image-img attachment-full\" alt=\"\" title=\"IMG_CruzMarques\" srcset=\"https:\/\/digitextus.pt\/wp-content\/uploads\/2025\/03\/IMG_CruzMarques.png 400w, https:\/\/digitextus.pt\/wp-content\/uploads\/2025\/03\/IMG_CruzMarques-367x138.png 367w\" sizes=\"(max-width: 400px) 100vw, 400px\" \/><\/div>\r\n\t\t<\/div>\r\n\t<\/div>\r\n\r\n\t<div class=\"wpb_single_image wpb_content_element vc_align_left wpb_content_element   px-5 py-1 mb-0 max-w-140 d-flex align-items-center wpb_custom_81a4f7ef9830bf958462581aa01150fb\"><div class=\"wpb_wrapper\">\r\n\t\t\t\r\n\t\t\t<div class=\"vc_single_image-wrapper   vc_box_border_grey\"><img decoding=\"async\" width=\"400\" height=\"150\" src=\"https:\/\/digitextus.pt\/wp-content\/uploads\/2025\/03\/IMG_DaVillaSaloia.png\" class=\"vc_single_image-img attachment-full\" alt=\"\" title=\"IMG_DaVillaSaloia\" srcset=\"https:\/\/digitextus.pt\/wp-content\/uploads\/2025\/03\/IMG_DaVillaSaloia.png 400w, https:\/\/digitextus.pt\/wp-content\/uploads\/2025\/03\/IMG_DaVillaSaloia-367x138.png 367w\" sizes=\"(max-width: 400px) 100vw, 400px\" \/><\/div>\r\n\t\t<\/div>\r\n\t<\/div>\r\n\r\n\t<div class=\"wpb_single_image wpb_content_element vc_align_left wpb_content_element   px-5 py-1 mb-0 max-w-140 d-flex align-items-center wpb_custom_81a4f7ef9830bf958462581aa01150fb\"><div class=\"wpb_wrapper\">\r\n\t\t\t\r\n\t\t\t<div class=\"vc_single_image-wrapper   vc_box_border_grey\"><img decoding=\"async\" width=\"400\" height=\"150\" src=\"https:\/\/digitextus.pt\/wp-content\/uploads\/2025\/03\/IMG_FPA.png\" class=\"vc_single_image-img attachment-full\" alt=\"\" title=\"IMG_FPA\" srcset=\"https:\/\/digitextus.pt\/wp-content\/uploads\/2025\/03\/IMG_FPA.png 400w, https:\/\/digitextus.pt\/wp-content\/uploads\/2025\/03\/IMG_FPA-367x138.png 367w\" sizes=\"(max-width: 400px) 100vw, 400px\" \/><\/div>\r\n\t\t<\/div>\r\n\t<\/div>\r\n\r\n\t<div class=\"wpb_single_image wpb_content_element vc_align_left wpb_content_element   px-5 py-1 mb-0 max-w-100 d-flex align-items-center wpb_custom_81a4f7ef9830bf958462581aa01150fb\"><div class=\"wpb_wrapper\">\r\n\t\t\t\r\n\t\t\t<div class=\"vc_single_image-wrapper   vc_box_border_grey\"><img decoding=\"async\" width=\"400\" height=\"150\" src=\"https:\/\/digitextus.pt\/wp-content\/uploads\/2025\/03\/IMG_Tocha.png\" class=\"vc_single_image-img attachment-full\" alt=\"\" title=\"IMG_Tocha\" srcset=\"https:\/\/digitextus.pt\/wp-content\/uploads\/2025\/03\/IMG_Tocha.png 400w, https:\/\/digitextus.pt\/wp-content\/uploads\/2025\/03\/IMG_Tocha-367x138.png 367w\" sizes=\"(max-width: 400px) 100vw, 400px\" \/><\/div>\r\n\t\t<\/div>\r\n\t<\/div>\r\n\r\n\t<div class=\"wpb_single_image wpb_content_element vc_align_left wpb_content_element   px-5 py-1 mb-0 max-w-100 d-flex align-items-center wpb_custom_81a4f7ef9830bf958462581aa01150fb\"><div class=\"wpb_wrapper\">\r\n\t\t\t\r\n\t\t\t<div class=\"vc_single_image-wrapper   vc_box_border_grey\"><img decoding=\"async\" width=\"400\" height=\"150\" src=\"https:\/\/digitextus.pt\/wp-content\/uploads\/2025\/03\/IMG_OutletPapel.png\" class=\"vc_single_image-img attachment-full\" alt=\"\" title=\"IMG_OutletPapel\" srcset=\"https:\/\/digitextus.pt\/wp-content\/uploads\/2025\/03\/IMG_OutletPapel.png 400w, https:\/\/digitextus.pt\/wp-content\/uploads\/2025\/03\/IMG_OutletPapel-367x138.png 367w\" sizes=\"(max-width: 400px) 100vw, 400px\" \/><\/div>\r\n\t\t<\/div>\r\n\t<\/div>\r\n\r\n\t<div class=\"wpb_single_image wpb_content_element vc_align_left wpb_content_element   px-5 py-1 mb-0 max-w-90 d-flex align-items-center wpb_custom_81a4f7ef9830bf958462581aa01150fb\"><div class=\"wpb_wrapper\">\r\n\t\t\t\r\n\t\t\t<div class=\"vc_single_image-wrapper   vc_box_border_grey\"><img decoding=\"async\" width=\"400\" height=\"150\" src=\"https:\/\/digitextus.pt\/wp-content\/uploads\/2025\/03\/IMG_PuctransText.png\" class=\"vc_single_image-img attachment-full\" alt=\"\" title=\"IMG_PuctransText\" srcset=\"https:\/\/digitextus.pt\/wp-content\/uploads\/2025\/03\/IMG_PuctransText.png 400w, https:\/\/digitextus.pt\/wp-content\/uploads\/2025\/03\/IMG_PuctransText-367x138.png 367w\" sizes=\"(max-width: 400px) 100vw, 400px\" \/><\/div>\r\n\t\t<\/div>\r\n\t<\/div>\r\n\r\n\t<div class=\"wpb_single_image wpb_content_element vc_align_left wpb_content_element   px-5 py-1 mb-0 max-w-140 d-flex align-items-center wpb_custom_81a4f7ef9830bf958462581aa01150fb\"><div class=\"wpb_wrapper\">\r\n\t\t\t\r\n\t\t\t<div class=\"vc_single_image-wrapper   vc_box_border_grey\"><img decoding=\"async\" width=\"400\" height=\"150\" src=\"https:\/\/digitextus.pt\/wp-content\/uploads\/2025\/03\/IMG_SafeTwoAll.png\" class=\"vc_single_image-img attachment-full\" alt=\"\" title=\"IMG_SafeTwoAll\" srcset=\"https:\/\/digitextus.pt\/wp-content\/uploads\/2025\/03\/IMG_SafeTwoAll.png 400w, https:\/\/digitextus.pt\/wp-content\/uploads\/2025\/03\/IMG_SafeTwoAll-367x138.png 367w\" sizes=\"(max-width: 400px) 100vw, 400px\" \/><\/div>\r\n\t\t<\/div>\r\n\t<\/div>\r\n\r\n\t<div class=\"wpb_single_image wpb_content_element vc_align_left wpb_content_element   px-5 py-1 mb-0 max-w-140 d-flex align-items-center wpb_custom_81a4f7ef9830bf958462581aa01150fb\"><div class=\"wpb_wrapper\">\r\n\t\t\t\r\n\t\t\t<div class=\"vc_single_image-wrapper   vc_box_border_grey\"><img decoding=\"async\" width=\"400\" height=\"150\" src=\"https:\/\/digitextus.pt\/wp-content\/uploads\/2025\/03\/IMG_TFP.png\" class=\"vc_single_image-img attachment-full\" alt=\"\" title=\"IMG_TFP\" srcset=\"https:\/\/digitextus.pt\/wp-content\/uploads\/2025\/03\/IMG_TFP.png 400w, https:\/\/digitextus.pt\/wp-content\/uploads\/2025\/03\/IMG_TFP-367x138.png 367w\" sizes=\"(max-width: 400px) 100vw, 400px\" \/><\/div>\r\n\t\t<\/div>\r\n\t<\/div>\r\n\r\n\t<div class=\"wpb_single_image wpb_content_element vc_align_left wpb_content_element   px-5 py-1 mb-0 max-w-140 d-flex align-items-center wpb_custom_81a4f7ef9830bf958462581aa01150fb\"><div class=\"wpb_wrapper\">\r\n\t\t\t\r\n\t\t\t<div class=\"vc_single_image-wrapper   vc_box_border_grey\"><img decoding=\"async\" width=\"400\" height=\"150\" src=\"https:\/\/digitextus.pt\/wp-content\/uploads\/2025\/03\/IMG_PadreManuel.png\" class=\"vc_single_image-img attachment-full\" alt=\"\" title=\"IMG_PadreManuel\" srcset=\"https:\/\/digitextus.pt\/wp-content\/uploads\/2025\/03\/IMG_PadreManuel.png 400w, https:\/\/digitextus.pt\/wp-content\/uploads\/2025\/03\/IMG_PadreManuel-367x138.png 367w\" sizes=\"(max-width: 400px) 100vw, 400px\" \/><\/div>\r\n\t\t<\/div>\r\n\t<\/div>\r\n\r\n\t<div class=\"wpb_single_image wpb_content_element vc_align_left wpb_content_element   px-5 py-1 mb-0 max-w-90 d-flex align-items-center wpb_custom_81a4f7ef9830bf958462581aa01150fb\"><div class=\"wpb_wrapper\">\r\n\t\t\t\r\n\t\t\t<div class=\"vc_single_image-wrapper   vc_box_border_grey\"><img decoding=\"async\" width=\"400\" height=\"150\" src=\"https:\/\/digitextus.pt\/wp-content\/uploads\/2025\/03\/IMG_CruzMarques.png\" class=\"vc_single_image-img attachment-full\" alt=\"\" title=\"IMG_CruzMarques\" srcset=\"https:\/\/digitextus.pt\/wp-content\/uploads\/2025\/03\/IMG_CruzMarques.png 400w, https:\/\/digitextus.pt\/wp-content\/uploads\/2025\/03\/IMG_CruzMarques-367x138.png 367w\" sizes=\"(max-width: 400px) 100vw, 400px\" \/><\/div>\r\n\t\t<\/div>\r\n\t<\/div>\r\n\r\n\t<div class=\"wpb_single_image wpb_content_element vc_align_left wpb_content_element   px-5 py-1 mb-0 max-w-140 d-flex align-items-center wpb_custom_81a4f7ef9830bf958462581aa01150fb\"><div class=\"wpb_wrapper\">\r\n\t\t\t\r\n\t\t\t<div class=\"vc_single_image-wrapper   vc_box_border_grey\"><img decoding=\"async\" width=\"400\" height=\"150\" src=\"https:\/\/digitextus.pt\/wp-content\/uploads\/2025\/03\/IMG_DaVillaSaloia.png\" class=\"vc_single_image-img attachment-full\" alt=\"\" title=\"IMG_DaVillaSaloia\" srcset=\"https:\/\/digitextus.pt\/wp-content\/uploads\/2025\/03\/IMG_DaVillaSaloia.png 400w, https:\/\/digitextus.pt\/wp-content\/uploads\/2025\/03\/IMG_DaVillaSaloia-367x138.png 367w\" sizes=\"(max-width: 400px) 100vw, 400px\" \/><\/div>\r\n\t\t<\/div>\r\n\t<\/div>\r\n\r\n\t<div class=\"wpb_single_image wpb_content_element vc_align_left wpb_content_element   px-5 py-1 mb-0 max-w-140 d-flex align-items-center wpb_custom_81a4f7ef9830bf958462581aa01150fb\"><div class=\"wpb_wrapper\">\r\n\t\t\t\r\n\t\t\t<div class=\"vc_single_image-wrapper   vc_box_border_grey\"><img decoding=\"async\" width=\"400\" height=\"150\" src=\"https:\/\/digitextus.pt\/wp-content\/uploads\/2025\/03\/IMG_FPA.png\" class=\"vc_single_image-img attachment-full\" alt=\"\" title=\"IMG_FPA\" srcset=\"https:\/\/digitextus.pt\/wp-content\/uploads\/2025\/03\/IMG_FPA.png 400w, https:\/\/digitextus.pt\/wp-content\/uploads\/2025\/03\/IMG_FPA-367x138.png 367w\" sizes=\"(max-width: 400px) 100vw, 400px\" \/><\/div>\r\n\t\t<\/div>\r\n\t<\/div>\r\n\r\n\t<div class=\"wpb_single_image wpb_content_element vc_align_left wpb_content_element   px-5 py-1 mb-0 max-w-100 d-flex align-items-center wpb_custom_81a4f7ef9830bf958462581aa01150fb\"><div class=\"wpb_wrapper\">\r\n\t\t\t\r\n\t\t\t<div class=\"vc_single_image-wrapper   vc_box_border_grey\"><img decoding=\"async\" width=\"400\" height=\"150\" src=\"https:\/\/digitextus.pt\/wp-content\/uploads\/2025\/03\/IMG_Tocha.png\" class=\"vc_single_image-img attachment-full\" alt=\"\" title=\"IMG_Tocha\" srcset=\"https:\/\/digitextus.pt\/wp-content\/uploads\/2025\/03\/IMG_Tocha.png 400w, https:\/\/digitextus.pt\/wp-content\/uploads\/2025\/03\/IMG_Tocha-367x138.png 367w\" sizes=\"(max-width: 400px) 100vw, 400px\" \/><\/div>\r\n\t\t<\/div>\r\n\t<\/div>\r\n\r\n\t<div class=\"wpb_single_image wpb_content_element vc_align_left wpb_content_element   px-5 py-1 mb-0 max-w-100 d-flex align-items-center wpb_custom_81a4f7ef9830bf958462581aa01150fb\"><div class=\"wpb_wrapper\">\r\n\t\t\t\r\n\t\t\t<div class=\"vc_single_image-wrapper   vc_box_border_grey\"><img decoding=\"async\" width=\"400\" height=\"150\" src=\"https:\/\/digitextus.pt\/wp-content\/uploads\/2025\/03\/IMG_OutletPapel.png\" class=\"vc_single_image-img attachment-full\" alt=\"\" title=\"IMG_OutletPapel\" srcset=\"https:\/\/digitextus.pt\/wp-content\/uploads\/2025\/03\/IMG_OutletPapel.png 400w, https:\/\/digitextus.pt\/wp-content\/uploads\/2025\/03\/IMG_OutletPapel-367x138.png 367w\" sizes=\"(max-width: 400px) 100vw, 400px\" \/><\/div>\r\n\t\t<\/div>\r\n\t<\/div>\r\n\r\n\t<div class=\"wpb_single_image wpb_content_element vc_align_left wpb_content_element   px-5 py-1 mb-0 max-w-90 d-flex align-items-center wpb_custom_81a4f7ef9830bf958462581aa01150fb\"><div class=\"wpb_wrapper\">\r\n\t\t\t\r\n\t\t\t<div class=\"vc_single_image-wrapper   vc_box_border_grey\"><img decoding=\"async\" width=\"400\" height=\"150\" src=\"https:\/\/digitextus.pt\/wp-content\/uploads\/2025\/03\/IMG_PuctransText.png\" class=\"vc_single_image-img attachment-full\" alt=\"\" title=\"IMG_PuctransText\" srcset=\"https:\/\/digitextus.pt\/wp-content\/uploads\/2025\/03\/IMG_PuctransText.png 400w, https:\/\/digitextus.pt\/wp-content\/uploads\/2025\/03\/IMG_PuctransText-367x138.png 367w\" sizes=\"(max-width: 400px) 100vw, 400px\" \/><\/div>\r\n\t\t<\/div>\r\n\t<\/div>\r\n\r\n\t<div class=\"wpb_single_image wpb_content_element vc_align_left wpb_content_element   px-5 py-1 mb-0 max-w-140 d-flex align-items-center wpb_custom_81a4f7ef9830bf958462581aa01150fb\"><div class=\"wpb_wrapper\">\r\n\t\t\t\r\n\t\t\t<div class=\"vc_single_image-wrapper   vc_box_border_grey\"><img decoding=\"async\" width=\"400\" height=\"150\" src=\"https:\/\/digitextus.pt\/wp-content\/uploads\/2025\/03\/IMG_SafeTwoAll.png\" class=\"vc_single_image-img attachment-full\" alt=\"\" title=\"IMG_SafeTwoAll\" srcset=\"https:\/\/digitextus.pt\/wp-content\/uploads\/2025\/03\/IMG_SafeTwoAll.png 400w, https:\/\/digitextus.pt\/wp-content\/uploads\/2025\/03\/IMG_SafeTwoAll-367x138.png 367w\" sizes=\"(max-width: 400px) 100vw, 400px\" \/><\/div>\r\n\t\t<\/div>\r\n\t<\/div>\r\n\r\n\t<div class=\"wpb_single_image wpb_content_element vc_align_left wpb_content_element   px-5 py-1 mb-0 max-w-140 d-flex align-items-center wpb_custom_81a4f7ef9830bf958462581aa01150fb\"><div class=\"wpb_wrapper\">\r\n\t\t\t\r\n\t\t\t<div class=\"vc_single_image-wrapper   vc_box_border_grey\"><img decoding=\"async\" width=\"400\" height=\"150\" src=\"https:\/\/digitextus.pt\/wp-content\/uploads\/2025\/03\/IMG_TFP.png\" class=\"vc_single_image-img attachment-full\" alt=\"\" title=\"IMG_TFP\" srcset=\"https:\/\/digitextus.pt\/wp-content\/uploads\/2025\/03\/IMG_TFP.png 400w, https:\/\/digitextus.pt\/wp-content\/uploads\/2025\/03\/IMG_TFP-367x138.png 367w\" sizes=\"(max-width: 400px) 100vw, 400px\" \/><\/div>\r\n\t\t<\/div>\r\n\t<\/div>\r\n\r\n\t<div class=\"wpb_single_image wpb_content_element vc_align_left wpb_content_element   px-5 py-1 mb-0 max-w-140 d-flex align-items-center wpb_custom_81a4f7ef9830bf958462581aa01150fb\"><div class=\"wpb_wrapper\">\r\n\t\t\t\r\n\t\t\t<div class=\"vc_single_image-wrapper   vc_box_border_grey\"><img decoding=\"async\" width=\"400\" height=\"150\" src=\"https:\/\/digitextus.pt\/wp-content\/uploads\/2025\/03\/IMG_PadreManuel.png\" class=\"vc_single_image-img attachment-full\" alt=\"\" title=\"IMG_PadreManuel\" srcset=\"https:\/\/digitextus.pt\/wp-content\/uploads\/2025\/03\/IMG_PadreManuel.png 400w, https:\/\/digitextus.pt\/wp-content\/uploads\/2025\/03\/IMG_PadreManuel-367x138.png 367w\" sizes=\"(max-width: 400px) 100vw, 400px\" \/><\/div>\r\n\t\t<\/div>\r\n\t<\/div>\r\n<\/div><\/div><\/div><\/div><\/div><div class=\"vc_row wpb_row top-row py-1 porto-inner-container wpb_custom_034b39d9bc6c6b310d69e39f0ccf274f\"><div class=\"porto-wrap-container container\"><div class=\"row\"><div class=\"pt-5 pb-lg-5 mt-3 mb-0 z-index-1 position-relative vc_column_container col-md-12 vc_custom_1698859478768\"><div class=\"wpb_wrapper vc_column-inner\"><div class=\"porto-animation pt-5 mb-0 d-flex align-items-center justify-content-center flex-wrap\" ><h2 style=\"font-size: 2em;color: #121212;line-height: 24px;text-align: center;font-weight:600;letter-spacing:-0.05em\" class=\"vc_custom_heading vc_do_custom_heading my-4 pt-3 wpb_custom_aa365bd5046e8294520b4e73732b9d15\" >O Que Dizem de N\u00f3s<\/h2><\/div><\/div><\/div><\/div><\/div><\/div><div class=\"vc_row wpb_row top-row py-1 porto-inner-container wpb_custom_034b39d9bc6c6b310d69e39f0ccf274f\"><div class=\"porto-wrap-container container\"><div class=\"row\"><div class=\"pt-5 pb-lg-5 mt-3 mb-0 z-index-1 position-relative vc_column_container col-md-12 vc_custom_1698859478768\"><div class=\"wpb_wrapper vc_column-inner\"><div id=\"porto-carousel-77849475269d7eafb27ad2\" class=\"porto-carousel-wrapper\" data-gutter=\"15\" data-rtl=\"false\" ><div class=\"porto-ultimate-carousel porto-carousel-37072635669d7eafb27a0a \" ><div class=\"porto-item-wrap\"><div class=\"porto-testimonial wpb_content_element   wpb_custom_4760b66c0cbf51ec9a7673f3785bca75\"><div class=\"testimonial testimonial-style-6 testimonial-with-quotes\"><blockquote class=\"testimonial-carousel\"><p>Uma experi\u00eancia para certamente voltar a repetir. A Digitextus cumpriu com todas as solicita\u00e7\u00f5es, sugerindo inclusiv\u00e9 melhorias e cumprindo todos os prazos estabelecidos. Altamente recomend\u00e1vel.<\/p><\/blockquote><div class=\"testimonial-author\"><p><strong>Jo\u00e3o Chaves<\/strong><span>Diretor Nacional - Gensun PVS<\/span><\/p><\/div><\/div><\/div><\/div><div class=\"porto-item-wrap\"><div class=\"porto-testimonial wpb_content_element   wpb_custom_4760b66c0cbf51ec9a7673f3785bca75\"><div class=\"testimonial testimonial-style-6 testimonial-with-quotes\"><blockquote class=\"testimonial-carousel\"><p>Quando contratei a Digitextus no sentido de criar um portf\u00f3lio profissional (CV, Carta de Apresenta\u00e7\u00e3o, etc.), \u00e0 medida, personalizado e adaptado \u00e0 minha personalidade e caracter\u00edsticas, j\u00e1 tinha as melhores refer\u00eancias do seu trabalho. Hoje posso dizer que foi uma das minhas melhores decis\u00f5es e que sou uma cliente profundamente satisfeita.<\/p><\/blockquote><div class=\"testimonial-author\"><p><strong>Maria In\u00eas Teixeira Ferr\u00e3o<\/strong><span>Event Manager - Cerame-Unie: European Ceramic Industry Association<\/span><\/p><\/div><\/div><\/div><\/div><div class=\"porto-item-wrap\"><div class=\"porto-testimonial wpb_content_element   wpb_custom_4760b66c0cbf51ec9a7673f3785bca75\"><div class=\"testimonial testimonial-style-6 testimonial-with-quotes\"><blockquote class=\"testimonial-carousel\"><p>Excelente profissional com brio, celeridade e dedica\u00e7\u00e3o! Desde repara\u00e7\u00f5es em pcs a um boost no meu CV, tudo impec\u00e1vel! Recomendo 5*<\/p><\/blockquote><div class=\"testimonial-author\"><p><strong>Ana Catarina Vasco<\/strong><span>Travel Agent - Ag\u00eancia Abreu<\/span><\/p><\/div><\/div><\/div><\/div><div class=\"porto-item-wrap\"><div class=\"porto-testimonial wpb_content_element   wpb_custom_4760b66c0cbf51ec9a7673f3785bca75\"><div class=\"testimonial testimonial-style-6 testimonial-with-quotes\"><blockquote class=\"testimonial-carousel\"><p>Visitem o nosso novo e melhorado s\u00edtio na internet. \u00c0 Digitextus n\u00e3o tenho palavras para exprimir o nosso agradecimento n\u00e3o s\u00f3 pelo excelente trabalho mas tamb\u00e9m pela paci\u00eancia que teve especialmente comigo. Visitem www.davillasaloia.com<\/p><\/blockquote><div class=\"testimonial-author\"><p><strong>N\u00e1dia Rodrigues<\/strong><span>Propriet\u00e1ria - Villa Saloia<\/span><\/p><\/div><\/div><\/div><\/div><\/div><\/div><script type=\"text\/javascript\" id=\"ultimate-carousel\">\r\n\t(function(){\r\n\t\tvar porto_inc_slick_js = function() {\r\n\t\t\t( function( $ ) {\r\n\t\t\t\tif ( $.fn.slick ) {\r\n\t\t\t\t\t$('.porto-carousel-37072635669d7eafb27a0a').slick({dots: true,autoplay: true,autoplaySpeed: 5000,speed: 300,infinite: true,arrows: true,nextArrow: '<button type=\"button\" role=\"button\" aria-label=\"Next\" style=\"color:#333333; font-size:20px;\" class=\"slick-next default\"><i class=\"fas fa-chevron-right\"><\/i><\/button>',prevArrow: '<button type=\"button\" role=\"button\" aria-label=\"Previous\" style=\"color:#333333; font-size:20px;\" class=\"slick-prev default\"><i class=\"fas fa-chevron-left\"><\/i><\/button>',slidesToScroll:1,slidesToShow:1,swipe: true,draggable: true,touchMove: true,pauseOnHover: true,responsive: [\r\n\t\t\t\t{\r\n\t\t\t\t  breakpoint: 1025,\r\n\t\t\t\t  settings: {\r\n\t\t\t\t\tslidesToShow: 1,\r\n\t\t\t\t\tslidesToScroll: 1,  \r\n\t\t\t\t  }\r\n\t\t\t\t},\r\n\t\t\t\t{\r\n\t\t\t\t  breakpoint: 769,\r\n\t\t\t\t  settings: {\r\n\t\t\t\t\tslidesToShow: 1,\r\n\t\t\t\t\tslidesToScroll: 1\r\n\t\t\t\t  }\r\n\t\t\t\t},\r\n\t\t\t\t{\r\n\t\t\t\t  breakpoint: 481,\r\n\t\t\t\t  settings: {\r\n\t\t\t\t\tslidesToShow: 1,\r\n\t\t\t\t\tslidesToScroll: 1\r\n\t\t\t\t  }\r\n\t\t\t\t}\r\n\t\t\t],pauseOnDotsHover: true,customPaging: function(slider, i) {\r\n\t   return '<i type=\"button\" style=\"color:#333333;\" class=\"far fa-circle\" data-role=\"none\"><\/i>';\r\n\t},});\r\n\t\t\t\t} else {\r\n\t\t\t\t\t\t\t\t}\r\n\t\t\t} )( jQuery );\r\n\t\t};\r\n\r\n\t\tif ( window.theme && theme.isLoaded ) {\r\n\t\t\tporto_inc_slick_js();\r\n\t\t} else {\r\n\t\t\twindow.addEventListener( 'load', porto_inc_slick_js );\r\n\t\t}\r\n\t})();\r\n<\/script>\r\n<\/div><\/div><\/div><\/div><\/div>\n<\/div>","protected":false},"excerpt":{"rendered":"Solu\u00e7\u00f5es Digitais \u00e0 Medida do Seu Neg\u00f3cio Na Digitextus, transformamos ideias em experi\u00eancias digitais inovadoras. Desde o desenvolvimento de websites \u00e0 cria\u00e7\u00e3o de estrat\u00e9gias de marketing digital, oferecemos solu\u00e7\u00f5es personalizadas para impulsionar a sua marca no mundo online. Explore os nossos servi\u00e7os e descubra como podemos ajud\u00e1-lo a alcan\u00e7ar os seus objetivos com criatividade, tecnologia [...]","protected":false},"author":1,"featured_media":0,"parent":0,"menu_order":0,"comment_status":"closed","ping_status":"closed","template":"","meta":{"_acf_changed":false,"footnotes":""},"class_list":["post-497","page","type-page","status-publish","hentry"],"acf":[],"_links":{"self":[{"href":"https:\/\/digitextus.pt\/en\/wp-json\/wp\/v2\/pages\/497","targetHints":{"allow":["GET"]}}],"collection":[{"href":"https:\/\/digitextus.pt\/en\/wp-json\/wp\/v2\/pages"}],"about":[{"href":"https:\/\/digitextus.pt\/en\/wp-json\/wp\/v2\/types\/page"}],"author":[{"embeddable":true,"href":"https:\/\/digitextus.pt\/en\/wp-json\/wp\/v2\/users\/1"}],"replies":[{"embeddable":true,"href":"https:\/\/digitextus.pt\/en\/wp-json\/wp\/v2\/comments?post=497"}],"version-history":[{"count":16,"href":"https:\/\/digitextus.pt\/en\/wp-json\/wp\/v2\/pages\/497\/revisions"}],"predecessor-version":[{"id":650,"href":"https:\/\/digitextus.pt\/en\/wp-json\/wp\/v2\/pages\/497\/revisions\/650"}],"wp:attachment":[{"href":"https:\/\/digitextus.pt\/en\/wp-json\/wp\/v2\/media?parent=497"}],"curies":[{"name":"wp","href":"https:\/\/api.w.org\/{rel}","templated":true}]}}