{"id":488,"date":"2025-03-17T16:52:55","date_gmt":"2025-03-17T16:52:55","guid":{"rendered":"https:\/\/digitextus.pt\/?page_id=488"},"modified":"2025-03-17T16:52:55","modified_gmt":"2025-03-17T16:52:55","slug":"politica-de-cookies","status":"publish","type":"page","link":"https:\/\/digitextus.pt\/en\/politica-de-cookies\/","title":{"rendered":"Cookie Policy"},"content":{"rendered":"<div class=\"wpb-content-wrapper\"><div class=\"vc_row wpb_row row top-row wpb_custom_034b39d9bc6c6b310d69e39f0ccf274f\"><div class=\"vc_column_container col-md-12\"><div class=\"wpb_wrapper vc_column-inner\">\r\n\t<div class=\"wpb_text_column wpb_content_element wpb_custom_7c91d232724f73626cc933bd95b25ff0\" >\r\n\t\t<div class=\"wpb_wrapper\">\r\n\t\t\t<p><strong>COOKIE POLICY<\/strong><\/p>\n<p><strong>What are cookies?<\/strong><\/p>\n<p>Cookies are small text files sent to your computer or mobile device when you visit websites. These files allow websites to store and retrieve information about your browsing habits, improving your user experience and personalizing your browsing according to your preferences.<\/p>\n<p>This way, when you return to a website you&#039;ve already visited, your preferences can be automatically applied, making navigation smoother and more efficient.<\/p>\n<p>Some cookies may contain personal information, such as your username and access permissions. However, most cookies do not collect information that directly identifies users, only general data such as the origin of the website access or the user&#039;s approximate location.<\/p>\n<p><strong>How does Digitextus use cookies?<\/strong><\/p>\n<p>THE <strong>Digitextus<\/strong> It uses cookies to:<\/p>\n<ul>\n<li>To improve performance and user experience on our website;<\/li>\n<li>To make navigation faster and more efficient;<\/li>\n<li>Eliminate the need to repeatedly enter the same information;<\/li>\n<li>Analyze usage statistics to continuously improve our services.<\/li>\n<\/ul>\n<p>The cookies we use include both essential cookies for the website to function and optional cookies, such as analytical cookies, which help us understand how users interact with our platform.<\/p>\n<p>Our website, developed in <strong>WordPress<\/strong>, It may also use cookies for additional functionalities, such as session management, security, and integration with third-party tools.<\/p>\n<p><strong>Managing and removing cookies<\/strong><\/p>\n<p>You can delete all cookies already installed on your computer or mobile device, or activate an option in your browser that prevents their installation. However, by disabling essential cookies, some functionalities of our website may no longer work correctly.<\/p>\n<p>If you choose to remove third-party cookies, you may have to manually configure some preferences each time you visit the website, and you may also lose access to certain services and features.<\/p>\n<p>For more information on managing cookies in the most common browsers, please consult the following links:<\/p>\n<ul>\n<li><strong>Microsoft Edge\/Internet Explorer<\/strong><br \/><a href=\"https:\/\/support.microsoft.com\/pt-pt\/help\/278835\/how-to-delete-cookie-files-in-internet-explorer\" target=\"_blank\" rel=\"noopener\">How to delete cookies in Internet Explorer<\/a><\/li>\n<li><strong>Google Chrome<\/strong><br \/><a href=\"https:\/\/support.google.com\/chrome\/answer\/95647?co=GENIE.Platform%3DDesktop&amp;hl=pt\" target=\"_blank\" rel=\"noopener\">Manage cookies in Google Chrome<\/a><\/li>\n<li><strong>Mozilla Firefox<\/strong><br \/><a href=\"https:\/\/support.mozilla.org\/pt-BR\/kb\/limpe-cookies-e-dados-de-sites-no-firefox?redirectlocale=pt-BR&amp;redirectslug=exclua-cookies-remova-informacoes-armazenadas-sites\" target=\"_blank\" rel=\"noopener\">Clearing cookies and data in Firefox<\/a><\/li>\n<li><strong>Apple Safari<\/strong><br \/><a href=\"https:\/\/support.apple.com\/pt-br\/HT201265\" target=\"_blank\" rel=\"noopener\">Managing cookies in Safari<\/a><\/li>\n<\/ul>\n<p><strong>Changes to the Privacy and Cookies Policy<\/strong><\/p>\n<p>THE <strong>Digitextus<\/strong> can update this <strong>Cookie Policy<\/strong> whenever necessary. Any changes will take effect as soon as they are published on the website, and the &quot;last updated date&quot; will also be updated.<\/p>\n<p>If you have any questions about this Cookie Policy or how we use your data, you can contact us through:<\/p>\n<p> <strong>E-mail:<\/strong> info@digitextus.pt<br \/> <strong>Telephone:<\/strong> (+351) 967605414 (Call to National Mobile Network)<br \/> <strong>Household:<\/strong> Urb. Quinta das Escadinhas Lt.2 R\/C Dir. 3140-202 Montemor-o-Velho<\/p>\n<p><strong>Digitextus, March 2025<\/strong><\/p>\n<p>\u00a0<\/p>\n\r\n\t\t<\/div>\r\n\t<\/div>\r\n<\/div><\/div><\/div><\/div>","protected":false},"excerpt":{"rendered":"POL\u00cdTICA DE COOKIES O que s\u00e3o cookies? Os cookies s\u00e3o pequenos ficheiros de texto enviados para o seu computador ou dispositivo m\u00f3vel quando visita websites. Estes ficheiros permitem que os websites armazenem e recuperem informa\u00e7\u00f5es sobre os seus h\u00e1bitos de navega\u00e7\u00e3o, melhorando a sua experi\u00eancia de utiliza\u00e7\u00e3o e personalizando a navega\u00e7\u00e3o de acordo com as [...]","protected":false},"author":1,"featured_media":0,"parent":0,"menu_order":0,"comment_status":"closed","ping_status":"open","template":"","meta":{"_acf_changed":false,"footnotes":""},"class_list":["post-488","page","type-page","status-publish","hentry"],"acf":[],"_links":{"self":[{"href":"https:\/\/digitextus.pt\/en\/wp-json\/wp\/v2\/pages\/488","targetHints":{"allow":["GET"]}}],"collection":[{"href":"https:\/\/digitextus.pt\/en\/wp-json\/wp\/v2\/pages"}],"about":[{"href":"https:\/\/digitextus.pt\/en\/wp-json\/wp\/v2\/types\/page"}],"author":[{"embeddable":true,"href":"https:\/\/digitextus.pt\/en\/wp-json\/wp\/v2\/users\/1"}],"replies":[{"embeddable":true,"href":"https:\/\/digitextus.pt\/en\/wp-json\/wp\/v2\/comments?post=488"}],"version-history":[{"count":1,"href":"https:\/\/digitextus.pt\/en\/wp-json\/wp\/v2\/pages\/488\/revisions"}],"predecessor-version":[{"id":489,"href":"https:\/\/digitextus.pt\/en\/wp-json\/wp\/v2\/pages\/488\/revisions\/489"}],"wp:attachment":[{"href":"https:\/\/digitextus.pt\/en\/wp-json\/wp\/v2\/media?parent=488"}],"curies":[{"name":"wp","href":"https:\/\/api.w.org\/{rel}","templated":true}]}}