{"id":391,"date":"2023-11-01T06:32:28","date_gmt":"2023-11-01T06:32:28","guid":{"rendered":"http:\/\/sw-themes.com\/porto_dummy\/?page_id=391"},"modified":"2025-03-18T18:45:34","modified_gmt":"2025-03-18T18:45:34","slug":"contact-us","status":"publish","type":"page","link":"https:\/\/digitextus.pt\/en\/contact-us\/","title":{"rendered":"Contacts"},"content":{"rendered":"<div class=\"wpb-content-wrapper\"><div class=\"vc_row wpb_row top-row z-index-1 position-relative vc_custom_1698853665586 porto-inner-container wpb_custom_034b39d9bc6c6b310d69e39f0ccf274f\"><div class=\"porto-wrap-container container\"><div class=\"row\"><div class=\"px-lg-5 mb-1 vc_column_container col-md-12 vc_custom_1698857997787\"><div class=\"wpb_wrapper vc_column-inner\"><div class=\"porto-ultimate-content-box-container px-lg-3\"><div class=\"porto-ultimate-content-box porto_ucb_e35a9346cd70594d63c013acc42ebe9d\" style=\"\"><p style=\"font-size: 1.35em;color: #121212;line-height: 1.7;letter-spacing:0\" class=\"vc_custom_heading vc_do_custom_heading pb-1 mb-4 mb-lg-2 mb-xl-4 wpb_custom_aa365bd5046e8294520b4e73732b9d15 align-left\" >At Digitextus, we believe that every project has the potential to grow and make a difference. Whether you need an innovative website, an effective digital strategy, or a tailor-made solution, we&#039;re here to help!\n<p>Fill out the form and let us take care of the rest. Together, we&#039;ll create the future of your business!<\/p><\/p><\/div><\/div><div class=\"vc_row wpb_row vc_inner row px-lg-3 pb-2 mb-5\"><div class=\"mb-5 mb-lg-0 vc_column_container col-md-12 col-lg-6\"><div class=\"wpb_wrapper vc_column-inner\"><div class=\"porto-u-heading d-inline-block w-auto me-4 mb-0  wpb_custom_2355e34606c40a235b9ecc031df6de7a porto-u-ad87e2eaf3f9c495180fe0156ddf3eb0\"><div class=\"porto-u-main-heading\"><h5   style=\"color:#969696;margin-bottom: 4px;\">Telephone<\/h5><\/div><div class=\"porto-u-sub-heading\" style=\"\"><a class=\"text-dark text-hover-primary\" href=\"tel:+351967605414\">+351 967 605 414<\/a><\/div><style>.porto-u-ad87e2eaf3f9c495180fe0156ddf3eb0.porto-u-heading{text-align:left}<\/style><\/div><div class=\"porto-u-heading d-inline-block w-auto mb-0  wpb_custom_2355e34606c40a235b9ecc031df6de7a porto-u-ad87e2eaf3f9c495180fe0156ddf3eb0\"><div class=\"porto-u-main-heading\"><h5   style=\"color:#969696;margin-bottom: 4px;\">E-mail<\/h5><\/div><div class=\"porto-u-sub-heading\" style=\"\"><a class=\"text-dark text-hover-primary\" href=\"mailto:geral@digitextus.pt\">geral@digitextus.pt<\/a><\/div><style>.porto-u-ad87e2eaf3f9c495180fe0156ddf3eb0.porto-u-heading{text-align:left}<\/style><\/div><\/div><\/div><div class=\"vc_column_container col-md-12 col-lg-6\"><div class=\"wpb_wrapper vc_column-inner\"><div class=\"porto-u-heading d-inline-block w-auto mb-0  wpb_custom_2355e34606c40a235b9ecc031df6de7a porto-u-ad87e2eaf3f9c495180fe0156ddf3eb0\"><div class=\"porto-u-main-heading\"><h5   style=\"color:#969696;margin-bottom: 4px;\">Location<\/h5><\/div><div class=\"porto-u-sub-heading\" style=\"color: #121212;\">Urb. Quinta das Escadinhas Lt. 2 3140-202 Montemor-o-Velho<\/div><style>.porto-u-ad87e2eaf3f9c495180fe0156ddf3eb0.porto-u-heading{text-align:left}<\/style><\/div><\/div><\/div><\/div><div class=\"vc_row wpb_row vc_inner row px-lg-3 vc_custom_1698887358134\"><div class=\"mb-5 mb-lg-0 vc_column_container col-md-12 col-lg-6\"><div class=\"wpb_wrapper vc_column-inner\"><h2 style=\"font-size: 1.8em;color: #121212;line-height: 42px;font-weight:700;letter-spacing:-0.05em\" class=\"vc_custom_heading vc_do_custom_heading mb-3 wpb_custom_aa365bd5046e8294520b4e73732b9d15 align-left\" >Send a Message<\/h2><div class=\"wpb_custom_e1c70cdd53df572142dfb3787b50a162\">\n<div class=\"wpcf7 no-js\" id=\"wpcf7-f406-o1\" lang=\"en-US\" dir=\"ltr\" data-wpcf7-id=\"406\">\n<div class=\"screen-reader-response\"><p role=\"status\" aria-live=\"polite\" aria-atomic=\"true\"><\/p> <ul><\/ul><\/div>\n<form action=\"\/en\/wp-json\/wp\/v2\/pages\/391#wpcf7-f406-o1\" method=\"post\" class=\"wpcf7-form init\" aria-label=\"Contact form\" novalidate=\"novalidate\" data-status=\"init\" data-trp-original-action=\"\/en\/wp-json\/wp\/v2\/pages\/391#wpcf7-f406-o1\">\n<fieldset class=\"hidden-fields-container\"><input type=\"hidden\" name=\"_wpcf7\" value=\"406\" \/><input type=\"hidden\" name=\"_wpcf7_version\" value=\"6.1.5\" \/><input type=\"hidden\" name=\"_wpcf7_locale\" value=\"en_US\" \/><input type=\"hidden\" name=\"_wpcf7_unit_tag\" value=\"wpcf7-f406-o1\" \/><input type=\"hidden\" name=\"_wpcf7_container_post\" value=\"0\" \/><input type=\"hidden\" name=\"_wpcf7_posted_data_hash\" value=\"\" \/>\n<\/fieldset>\n<div class=\"form-group mb-2\"><span class=\"wpcf7-form-control-wrap\" data-name=\"your-name\"><input size=\"40\" maxlength=\"400\" class=\"wpcf7-form-control wpcf7-text wpcf7-validates-as-required mb-1 w-100\" aria-required=\"true\" aria-invalid=\"false\" placeholder=\"Name\" value=\"\" type=\"text\" name=\"your-name\" \/><\/span><\/div>\n<div class=\"form-group mb-2\"><span class=\"wpcf7-form-control-wrap\" data-name=\"your-email\"><input size=\"40\" maxlength=\"400\" class=\"wpcf7-form-control wpcf7-email wpcf7-validates-as-required wpcf7-text wpcf7-validates-as-email mb-1 w-100\" aria-required=\"true\" aria-invalid=\"false\" placeholder=\"E-mail\" value=\"\" type=\"email\" name=\"your-email\" \/><\/span><\/div>\n<div class=\"form-group mb-2\"><span class=\"wpcf7-form-control-wrap\" data-name=\"your-subject\"><input size=\"40\" maxlength=\"400\" class=\"wpcf7-form-control wpcf7-text wpcf7-validates-as-required mb-1 w-100\" aria-required=\"true\" aria-invalid=\"false\" placeholder=\"Subject\" value=\"\" type=\"text\" name=\"your-subject\" \/><\/span><\/div>\n<div class=\"form-group mb-2\"><span class=\"wpcf7-form-control-wrap\" data-name=\"your-message\"><textarea cols=\"40\" rows=\"10\" maxlength=\"2000\" class=\"wpcf7-form-control wpcf7-textarea wpcf7-validates-as-required mb-1 w-100\" aria-required=\"true\" aria-invalid=\"false\" placeholder=\"Message or Comment\" name=\"your-message\"><\/textarea><\/span><\/div>\n<div> <input type=\"checkbox\" name=\"agree\" value=\"1\" required=\"\"><label for=\"agree\" style=\"display: inline;\">I have read and agree with the <a class=\"colorbox cboxElement\" href=\"https:\/\/digitextus.pt\/en\/privacy-policy\/\" target=\"_blank\" alt=\"Pol\u00edtica de Privacidade\" style=\"font-weight: bold;\">Privacy Policy<\/a><\/label><\/div>\n<div class=\"form-group\"><input class=\"wpcf7-form-control wpcf7-submit has-spinner btn btn-modern btn-dark font-weight-semibold text-capitalize mb-0 ca2-submit\" type=\"submit\" value=\"To send\" \/><\/div><p style=\"display: none !important;\" class=\"akismet-fields-container\" data-prefix=\"_wpcf7_ak_\"><label>\u0394<textarea name=\"_wpcf7_ak_hp_textarea\" cols=\"45\" rows=\"8\" maxlength=\"100\"><\/textarea><\/label><input type=\"hidden\" id=\"ak_js_1\" name=\"_wpcf7_ak_js\" value=\"91\"\/><script>document.getElementById( \"ak_js_1\" ).setAttribute( \"value\", ( new Date() ).getTime() );<\/script><\/p><div class=\"wpcf7-response-output\" aria-hidden=\"true\"><\/div>\n<input type=\"hidden\" name=\"trp-form-language\" value=\"en\"\/><\/form>\n<\/div>\n<\/div><\/div><\/div><div class=\"vc_column_container col-md-12 col-lg-6\"><div class=\"wpb_wrapper vc_column-inner\"><h2 style=\"font-size: 1.8em;color: #121212;line-height: 42px;font-weight:700;letter-spacing:-0.05em\" class=\"vc_custom_heading vc_do_custom_heading mb-3 wpb_custom_aa365bd5046e8294520b4e73732b9d15 align-left\" >Where are we?<\/h2><div class=\"wpb_gmaps_widget wpb_content_element\"><div class=\"wpb_wrapper\"><div class=\"wpb_map_wraper\"><iframe src=\"https:\/\/www.google.com\/maps\/embed?pb=!1m18!1m12!1m3!1d3048.3081558764743!2d-8.674647988183303!3d40.17995507135975!2m3!1f0!2f0!3f0!3m2!1i1024!2i768!4f13.1!3m3!1m2!1s0xd224fd9df3b3c2d%3A0x77edeb8ce5fe9408!2sDigitextus!5e0!3m2!1spt-PT!2spt!4v1742316366404!5m2!1spt-PT!2spt\" width=\"600\" height=\"450\" style=\"border:0;\" allowfullscreen=\"\" loading=\"lazy\" referrerpolicy=\"no-referrer-when-downgrade\"><\/iframe><\/div><\/div><\/div><\/div><\/div><\/div><\/div><\/div><\/div><\/div><\/div>\n<\/div>","protected":false},"excerpt":{"rendered":"Na Digitextus, acreditamos que cada projeto tem o potencial de crescer e marcar a diferen\u00e7a. Quer precise de um website inovador, uma estrat\u00e9gia digital eficaz ou uma solu\u00e7\u00e3o \u00e0 medida, estamos aqui para ajudar! Preencha o formul\u00e1rio e deixe-nos cuidar do resto. Juntos, criamos o futuro do seu neg\u00f3cio!Telefone+351 967 605 414Emailgeral@digitextus.ptLocaliza\u00e7\u00e3oUrb. Quinta das Escadinhas [...]","protected":false},"author":1,"featured_media":0,"parent":0,"menu_order":0,"comment_status":"closed","ping_status":"closed","template":"","meta":{"_acf_changed":false,"footnotes":""},"class_list":["post-391","page","type-page","status-publish","hentry"],"acf":[],"_links":{"self":[{"href":"https:\/\/digitextus.pt\/en\/wp-json\/wp\/v2\/pages\/391","targetHints":{"allow":["GET"]}}],"collection":[{"href":"https:\/\/digitextus.pt\/en\/wp-json\/wp\/v2\/pages"}],"about":[{"href":"https:\/\/digitextus.pt\/en\/wp-json\/wp\/v2\/types\/page"}],"author":[{"embeddable":true,"href":"https:\/\/digitextus.pt\/en\/wp-json\/wp\/v2\/users\/1"}],"replies":[{"embeddable":true,"href":"https:\/\/digitextus.pt\/en\/wp-json\/wp\/v2\/comments?post=391"}],"version-history":[{"count":4,"href":"https:\/\/digitextus.pt\/en\/wp-json\/wp\/v2\/pages\/391\/revisions"}],"predecessor-version":[{"id":493,"href":"https:\/\/digitextus.pt\/en\/wp-json\/wp\/v2\/pages\/391\/revisions\/493"}],"wp:attachment":[{"href":"https:\/\/digitextus.pt\/en\/wp-json\/wp\/v2\/media?parent=391"}],"curies":[{"name":"wp","href":"https:\/\/api.w.org\/{rel}","templated":true}]}}